{"id":591,"date":"2026-03-23T17:18:46","date_gmt":"2026-03-23T20:18:46","guid":{"rendered":"https:\/\/brnadv.com.br\/?page_id=591"},"modified":"2026-03-23T17:32:12","modified_gmt":"2026-03-23T20:32:12","slug":"integridade","status":"publish","type":"page","link":"https:\/\/brnadv.com.br\/en\/integridade\/","title":{"rendered":"Integrity"},"content":{"rendered":"<p><\/p>\n<p data-start=\"66\" data-end=\"286\"><strong>BRN Bernardino Advogados<\/strong> conducts its institutional and professional activities with an unwavering commitment to integrity, ethics, and compliance with the legal and deontological standards governing the practice of law.<\/p>\n<p data-start=\"288\" data-end=\"630\">Members of its management, internal and external staff, interns, and third parties operate in strict adherence to the principles of legality, good faith, procedural fairness, and professional responsibility, adopting conduct that reflects not only compliance with legal obligations but also adherence to high ethical and governance standards.<\/p>\n<p data-start=\"632\" data-end=\"1035\">In this context, BRN Bernardino Advogados maintains internal regulatory instruments, such as a Code of Ethics and Conduct and specific institutional policies, which guide the expected behavior of all its members, expressly prohibiting practices incompatible with the professional environment, such as moral or sexual harassment, discrimination, abuse of power, or any form of violation of human dignity.<\/p>\n<p data-start=\"1037\" data-end=\"1322\">Additionally, mechanisms are implemented to prevent, detect, and address misconduct, including an independent whistleblowing channel, internal investigation procedures, and ongoing training initiatives, with the aim of ensuring a work environment that is ethical, safe, and respectful.<\/p>\n<p data-start=\"1324\" data-end=\"1593\">Integrity, therefore, is a core value underpinning the activities of BRN Bernardino Advogados and is continuously promoted and reinforced as an essential element of institutional credibility, client trust, and the social responsibility inherent in the legal profession.<\/p>\n<p data-start=\"1595\" data-end=\"1619\"><strong>BRN Bernardino Advogados<\/strong><\/p>\n<h2 data-start=\"1621\" data-end=\"1686\">Attachments<\/h2>\n<p><a class=\"button\" href=\"https:\/\/brnadv.com.br\/wp-content\/uploads\/2026\/03\/codigo-de-etica-e-conduta-brn-advogados.pdf\" target=\"_blank\" rel=\"noopener\">Code of Ethics and Conduct<\/a><\/p>\n<p><a class=\"button\" href=\"https:\/\/brnadv.com.br\/wp-content\/uploads\/2026\/03\/politica-de-prevencao-e-combate-ao-assedio-brn-advogados.pdf\" target=\"_blank\" rel=\"noopener\">Anti-Harassment Policy<\/a><\/p>","protected":false},"excerpt":{"rendered":"<p>BRN Bernardino Advogados conducts its institutional and professional activities with an unwavering commitment to [&hellip;]<\/p>\n","protected":false},"author":4,"featured_media":139,"parent":0,"menu_order":22,"comment_status":"closed","ping_status":"closed","template":"","meta":{"_acf_changed":false,"_joinchat":[],"footnotes":""},"class_list":["post-591","page","type-page","status-publish","has-post-thumbnail","hentry"],"acf":[],"yoast_head":"<!-- This site is optimized with the Yoast SEO plugin v27.3 - https:\/\/yoast.com\/product\/yoast-seo-wordpress\/ -->\n<title>Integrity - BRN Bernardino Advogados<\/title>\n<meta name=\"description\" content=\"O BRN Bernardino Advogados pauta sua atua\u00e7\u00e3o institucional e profissional pelo compromisso inegoci\u00e1vel com a integridade, a \u00e9tica e o respeito \u00e0s normas\" \/>\n<meta name=\"robots\" content=\"index, follow, max-snippet:-1, max-image-preview:large, max-video-preview:-1\" \/>\n<link rel=\"canonical\" href=\"https:\/\/brnadv.com.br\/en\/integridade\/\" \/>\n<meta property=\"og:locale\" content=\"en_US\" \/>\n<meta property=\"og:type\" content=\"article\" \/>\n<meta property=\"og:title\" content=\"Integrity - BRN Bernardino Advogados\" \/>\n<meta property=\"og:description\" content=\"O BRN Bernardino Advogados pauta sua atua\u00e7\u00e3o institucional e profissional pelo compromisso inegoci\u00e1vel com a integridade, a \u00e9tica e o respeito \u00e0s normas\" \/>\n<meta property=\"og:url\" content=\"https:\/\/brnadv.com.br\/en\/integridade\/\" \/>\n<meta property=\"og:site_name\" content=\"BRN Bernardino Advogados\" \/>\n<meta property=\"article:modified_time\" content=\"2026-03-23T20:32:12+00:00\" \/>\n<meta property=\"og:image\" content=\"https:\/\/brnadv.com.br\/wp-content\/uploads\/2025\/03\/img_topo_-1.jpg\" \/>\n\t<meta property=\"og:image:width\" content=\"1920\" \/>\n\t<meta property=\"og:image:height\" content=\"1020\" \/>\n\t<meta property=\"og:image:type\" content=\"image\/jpeg\" \/>\n<meta name=\"twitter:card\" content=\"summary_large_image\" \/>\n<meta name=\"twitter:label1\" content=\"Est. reading time\" \/>\n\t<meta name=\"twitter:data1\" content=\"2 minutes\" \/>\n<script type=\"application\/ld+json\" class=\"yoast-schema-graph\">{\"@context\":\"https:\\\/\\\/schema.org\",\"@graph\":[{\"@type\":\"WebPage\",\"@id\":\"https:\\\/\\\/brnadv.com.br\\\/en\\\/integridade\\\/\",\"url\":\"https:\\\/\\\/brnadv.com.br\\\/en\\\/integridade\\\/\",\"name\":\"Integrity - BRN Bernardino Advogados\",\"isPartOf\":{\"@id\":\"https:\\\/\\\/brnadv.com.br\\\/en\\\/#website\"},\"primaryImageOfPage\":{\"@id\":\"https:\\\/\\\/brnadv.com.br\\\/en\\\/integridade\\\/#primaryimage\"},\"image\":{\"@id\":\"https:\\\/\\\/brnadv.com.br\\\/integridade\\\/#primaryimage\"},\"thumbnailUrl\":\"https:\\\/\\\/brnadv.com.br\\\/wp-content\\\/uploads\\\/2025\\\/03\\\/img_topo_-1.jpg\",\"datePublished\":\"2026-03-23T20:18:46+00:00\",\"dateModified\":\"2026-03-23T20:32:12+00:00\",\"description\":\"O BRN Bernardino Advogados pauta sua atua\u00e7\u00e3o institucional e profissional pelo compromisso inegoci\u00e1vel com a integridade, a \u00e9tica e o respeito \u00e0s normas\",\"breadcrumb\":{\"@id\":\"https:\\\/\\\/brnadv.com.br\\\/en\\\/integridade\\\/#breadcrumb\"},\"inLanguage\":\"en-US\",\"potentialAction\":[{\"@type\":\"ReadAction\",\"target\":[[\"https:\\\/\\\/brnadv.com.br\\\/en\\\/integridade\\\/\"]]}]},{\"@type\":\"ImageObject\",\"inLanguage\":\"en-US\",\"@id\":\"https:\\\/\\\/brnadv.com.br\\\/en\\\/integridade\\\/#primaryimage\",\"url\":\"https:\\\/\\\/brnadv.com.br\\\/wp-content\\\/uploads\\\/2025\\\/03\\\/img_topo_-1.jpg\",\"contentUrl\":\"https:\\\/\\\/brnadv.com.br\\\/wp-content\\\/uploads\\\/2025\\\/03\\\/img_topo_-1.jpg\",\"width\":1920,\"height\":1020},{\"@type\":\"BreadcrumbList\",\"@id\":\"https:\\\/\\\/brnadv.com.br\\\/en\\\/integridade\\\/#breadcrumb\",\"itemListElement\":[{\"@type\":\"ListItem\",\"position\":1,\"name\":\"In\u00edcio\",\"item\":\"https:\\\/\\\/brnadv.com.br\\\/en\\\/\"},{\"@type\":\"ListItem\",\"position\":2,\"name\":\"Integridade\"}]},{\"@type\":\"WebSite\",\"@id\":\"https:\\\/\\\/brnadv.com.br\\\/en\\\/#website\",\"url\":\"https:\\\/\\\/brnadv.com.br\\\/en\\\/\",\"name\":\"BRN Bernardino Advogados\",\"description\":\"\",\"potentialAction\":[{\"@type\":\"SearchAction\",\"target\":{\"@type\":\"EntryPoint\",\"urlTemplate\":\"https:\\\/\\\/brnadv.com.br\\\/en\\\/?s={search_term_string}\"},\"query-input\":{\"@type\":\"PropertyValueSpecification\",\"valueRequired\":true,\"valueName\":\"search_term_string\"}}],\"inLanguage\":\"en-US\"}]}<\/script>\n<!-- \/ Yoast SEO plugin. -->","yoast_head_json":{"title":"Integrity - BRN Bernardino Advogados","description":"O BRN Bernardino Advogados pauta sua atua\u00e7\u00e3o institucional e profissional pelo compromisso inegoci\u00e1vel com a integridade, a \u00e9tica e o respeito \u00e0s normas","robots":{"index":"index","follow":"follow","max-snippet":"max-snippet:-1","max-image-preview":"max-image-preview:large","max-video-preview":"max-video-preview:-1"},"canonical":"https:\/\/brnadv.com.br\/en\/integridade\/","og_locale":"en_US","og_type":"article","og_title":"Integrity - BRN Bernardino Advogados","og_description":"O BRN Bernardino Advogados pauta sua atua\u00e7\u00e3o institucional e profissional pelo compromisso inegoci\u00e1vel com a integridade, a \u00e9tica e o respeito \u00e0s normas","og_url":"https:\/\/brnadv.com.br\/en\/integridade\/","og_site_name":"BRN Bernardino Advogados","article_modified_time":"2026-03-23T20:32:12+00:00","og_image":[{"width":1920,"height":1020,"url":"https:\/\/brnadv.com.br\/wp-content\/uploads\/2025\/03\/img_topo_-1.jpg","type":"image\/jpeg"}],"twitter_card":"summary_large_image","twitter_misc":{"Est. reading time":"2 minutes"},"schema":{"@context":"https:\/\/schema.org","@graph":[{"@type":"WebPage","@id":"https:\/\/brnadv.com.br\/en\/integridade\/","url":"https:\/\/brnadv.com.br\/en\/integridade\/","name":"Integrity - BRN Bernardino Advogados","isPartOf":{"@id":"https:\/\/brnadv.com.br\/en\/#website"},"primaryImageOfPage":{"@id":"https:\/\/brnadv.com.br\/en\/integridade\/#primaryimage"},"image":{"@id":"https:\/\/brnadv.com.br\/integridade\/#primaryimage"},"thumbnailUrl":"https:\/\/brnadv.com.br\/wp-content\/uploads\/2025\/03\/img_topo_-1.jpg","datePublished":"2026-03-23T20:18:46+00:00","dateModified":"2026-03-23T20:32:12+00:00","description":"O BRN Bernardino Advogados pauta sua atua\u00e7\u00e3o institucional e profissional pelo compromisso inegoci\u00e1vel com a integridade, a \u00e9tica e o respeito \u00e0s normas","breadcrumb":{"@id":"https:\/\/brnadv.com.br\/en\/integridade\/#breadcrumb"},"inLanguage":"en-US","potentialAction":[{"@type":"ReadAction","target":[["https:\/\/brnadv.com.br\/en\/integridade\/"]]}]},{"@type":"ImageObject","inLanguage":"en-US","@id":"https:\/\/brnadv.com.br\/en\/integridade\/#primaryimage","url":"https:\/\/brnadv.com.br\/wp-content\/uploads\/2025\/03\/img_topo_-1.jpg","contentUrl":"https:\/\/brnadv.com.br\/wp-content\/uploads\/2025\/03\/img_topo_-1.jpg","width":1920,"height":1020},{"@type":"BreadcrumbList","@id":"https:\/\/brnadv.com.br\/en\/integridade\/#breadcrumb","itemListElement":[{"@type":"ListItem","position":1,"name":"In\u00edcio","item":"https:\/\/brnadv.com.br\/en\/"},{"@type":"ListItem","position":2,"name":"Integridade"}]},{"@type":"WebSite","@id":"https:\/\/brnadv.com.br\/en\/#website","url":"https:\/\/brnadv.com.br\/en\/","name":"BRN Bernardino Advogados","description":"","potentialAction":[{"@type":"SearchAction","target":{"@type":"EntryPoint","urlTemplate":"https:\/\/brnadv.com.br\/en\/?s={search_term_string}"},"query-input":{"@type":"PropertyValueSpecification","valueRequired":true,"valueName":"search_term_string"}}],"inLanguage":"en-US"}]}},"_links":{"self":[{"href":"https:\/\/brnadv.com.br\/en\/wp-json\/wp\/v2\/pages\/591","targetHints":{"allow":["GET"]}}],"collection":[{"href":"https:\/\/brnadv.com.br\/en\/wp-json\/wp\/v2\/pages"}],"about":[{"href":"https:\/\/brnadv.com.br\/en\/wp-json\/wp\/v2\/types\/page"}],"author":[{"embeddable":true,"href":"https:\/\/brnadv.com.br\/en\/wp-json\/wp\/v2\/users\/4"}],"replies":[{"embeddable":true,"href":"https:\/\/brnadv.com.br\/en\/wp-json\/wp\/v2\/comments?post=591"}],"version-history":[{"count":3,"href":"https:\/\/brnadv.com.br\/en\/wp-json\/wp\/v2\/pages\/591\/revisions"}],"predecessor-version":[{"id":596,"href":"https:\/\/brnadv.com.br\/en\/wp-json\/wp\/v2\/pages\/591\/revisions\/596"}],"wp:featuredmedia":[{"embeddable":true,"href":"https:\/\/brnadv.com.br\/en\/wp-json\/wp\/v2\/media\/139"}],"wp:attachment":[{"href":"https:\/\/brnadv.com.br\/en\/wp-json\/wp\/v2\/media?parent=591"}],"curies":[{"name":"wp","href":"https:\/\/api.w.org\/{rel}","templated":true}]}}