{"id":504,"date":"2026-03-11T09:55:17","date_gmt":"2026-03-11T12:55:17","guid":{"rendered":"https:\/\/brnadv.com.br\/?page_id=504"},"modified":"2026-03-16T16:17:28","modified_gmt":"2026-03-16T19:17:28","slug":"canal-de-denuncia","status":"publish","type":"page","link":"https:\/\/brnadv.com.br\/en\/canal-de-denuncia\/","title":{"rendered":"(PT) Canal de den\u00fancia"},"content":{"rendered":"<p class=\"qtranxs-available-languages-message qtranxs-available-languages-message-en\">Sorry, this entry is only available in <a href=\"https:\/\/brnadv.com.br\/pb\/wp-json\/wp\/v2\/pages\/504\" class=\"qtranxs-available-language-link qtranxs-available-language-link-pb\" title=\"PT\">PT<\/a>.<\/p>","protected":false},"excerpt":{"rendered":"<p>Sorry, this entry is only available in PT.<\/p>\n","protected":false},"author":4,"featured_media":506,"parent":0,"menu_order":1,"comment_status":"closed","ping_status":"closed","template":"","meta":{"_acf_changed":false,"_joinchat":[],"footnotes":""},"class_list":["post-504","page","type-page","status-publish","has-post-thumbnail","hentry"],"acf":[],"yoast_head":"<!-- This site is optimized with the Yoast SEO plugin v27.3 - https:\/\/yoast.com\/product\/yoast-seo-wordpress\/ -->\n<title>(PT) Canal de den\u00fancia - BRN Bernardino Advogados<\/title>\n<meta name=\"description\" content=\"Programa de ComplianceBRN Advogados O BRN Advogados mant\u00e9m um Programa de&nbsp;Compliance&nbsp;voltado \u00e0 promo\u00e7\u00e3o de um&nbsp;ambiente \u00e9tico, \u00edntegro e\" \/>\n<meta name=\"robots\" content=\"index, follow, max-snippet:-1, max-image-preview:large, max-video-preview:-1\" \/>\n<link rel=\"canonical\" href=\"https:\/\/brnadv.com.br\/en\/canal-de-denuncia\/\" \/>\n<meta property=\"og:locale\" content=\"en_US\" \/>\n<meta property=\"og:type\" content=\"article\" \/>\n<meta property=\"og:title\" content=\"(PT) Canal de den\u00fancia - BRN Bernardino Advogados\" \/>\n<meta property=\"og:description\" content=\"Programa de ComplianceBRN Advogados O BRN Advogados mant\u00e9m um Programa de&nbsp;Compliance&nbsp;voltado \u00e0 promo\u00e7\u00e3o de um&nbsp;ambiente \u00e9tico, \u00edntegro e\" \/>\n<meta property=\"og:url\" content=\"https:\/\/brnadv.com.br\/en\/canal-de-denuncia\/\" \/>\n<meta property=\"og:site_name\" content=\"BRN Bernardino Advogados\" \/>\n<meta property=\"article:modified_time\" content=\"2026-03-16T19:17:28+00:00\" \/>\n<meta property=\"og:image\" content=\"https:\/\/brnadv.com.br\/wp-content\/uploads\/2026\/03\/mesa-com-livros.jpg\" \/>\n\t<meta property=\"og:image:width\" content=\"2000\" \/>\n\t<meta property=\"og:image:height\" content=\"720\" \/>\n\t<meta property=\"og:image:type\" content=\"image\/jpeg\" \/>\n<meta name=\"twitter:card\" content=\"summary_large_image\" \/>\n<meta name=\"twitter:label1\" content=\"Est. reading time\" \/>\n\t<meta name=\"twitter:data1\" content=\"3 minutes\" \/>\n<script type=\"application\/ld+json\" class=\"yoast-schema-graph\">{\"@context\":\"https:\\\/\\\/schema.org\",\"@graph\":[{\"@type\":\"WebPage\",\"@id\":\"https:\\\/\\\/brnadv.com.br\\\/en\\\/canal-de-denuncia\\\/\",\"url\":\"https:\\\/\\\/brnadv.com.br\\\/en\\\/canal-de-denuncia\\\/\",\"name\":\"(PT) Canal de den\u00fancia - BRN Bernardino Advogados\",\"isPartOf\":{\"@id\":\"https:\\\/\\\/brnadv.com.br\\\/en\\\/#website\"},\"primaryImageOfPage\":{\"@id\":\"https:\\\/\\\/brnadv.com.br\\\/en\\\/canal-de-denuncia\\\/#primaryimage\"},\"image\":{\"@id\":\"https:\\\/\\\/brnadv.com.br\\\/canal-de-denuncia\\\/#primaryimage\"},\"thumbnailUrl\":\"https:\\\/\\\/brnadv.com.br\\\/wp-content\\\/uploads\\\/2026\\\/03\\\/mesa-com-livros.jpg\",\"datePublished\":\"2026-03-11T12:55:17+00:00\",\"dateModified\":\"2026-03-16T19:17:28+00:00\",\"description\":\"Programa de ComplianceBRN Advogados O BRN Advogados mant\u00e9m um Programa de&nbsp;Compliance&nbsp;voltado \u00e0 promo\u00e7\u00e3o de um&nbsp;ambiente \u00e9tico, \u00edntegro e\",\"breadcrumb\":{\"@id\":\"https:\\\/\\\/brnadv.com.br\\\/en\\\/canal-de-denuncia\\\/#breadcrumb\"},\"inLanguage\":\"en-US\",\"potentialAction\":[{\"@type\":\"ReadAction\",\"target\":[[\"https:\\\/\\\/brnadv.com.br\\\/en\\\/canal-de-denuncia\\\/\"]]}]},{\"@type\":\"ImageObject\",\"inLanguage\":\"en-US\",\"@id\":\"https:\\\/\\\/brnadv.com.br\\\/en\\\/canal-de-denuncia\\\/#primaryimage\",\"url\":\"https:\\\/\\\/brnadv.com.br\\\/wp-content\\\/uploads\\\/2026\\\/03\\\/mesa-com-livros.jpg\",\"contentUrl\":\"https:\\\/\\\/brnadv.com.br\\\/wp-content\\\/uploads\\\/2026\\\/03\\\/mesa-com-livros.jpg\",\"width\":2000,\"height\":720,\"caption\":\"Foto de uma mesa com livros em cima dela.\"},{\"@type\":\"BreadcrumbList\",\"@id\":\"https:\\\/\\\/brnadv.com.br\\\/en\\\/canal-de-denuncia\\\/#breadcrumb\",\"itemListElement\":[{\"@type\":\"ListItem\",\"position\":1,\"name\":\"In\u00edcio\",\"item\":\"https:\\\/\\\/brnadv.com.br\\\/en\\\/\"},{\"@type\":\"ListItem\",\"position\":2,\"name\":\"Canal de den\u00fancia\"}]},{\"@type\":\"WebSite\",\"@id\":\"https:\\\/\\\/brnadv.com.br\\\/en\\\/#website\",\"url\":\"https:\\\/\\\/brnadv.com.br\\\/en\\\/\",\"name\":\"BRN Bernardino Advogados\",\"description\":\"\",\"potentialAction\":[{\"@type\":\"SearchAction\",\"target\":{\"@type\":\"EntryPoint\",\"urlTemplate\":\"https:\\\/\\\/brnadv.com.br\\\/en\\\/?s={search_term_string}\"},\"query-input\":{\"@type\":\"PropertyValueSpecification\",\"valueRequired\":true,\"valueName\":\"search_term_string\"}}],\"inLanguage\":\"en-US\"}]}<\/script>\n<!-- \/ Yoast SEO plugin. -->","yoast_head_json":{"title":"(PT) Canal de den\u00fancia - BRN Bernardino Advogados","description":"Programa de ComplianceBRN Advogados O BRN Advogados mant\u00e9m um Programa de&nbsp;Compliance&nbsp;voltado \u00e0 promo\u00e7\u00e3o de um&nbsp;ambiente \u00e9tico, \u00edntegro e","robots":{"index":"index","follow":"follow","max-snippet":"max-snippet:-1","max-image-preview":"max-image-preview:large","max-video-preview":"max-video-preview:-1"},"canonical":"https:\/\/brnadv.com.br\/en\/canal-de-denuncia\/","og_locale":"en_US","og_type":"article","og_title":"(PT) Canal de den\u00fancia - BRN Bernardino Advogados","og_description":"Programa de ComplianceBRN Advogados O BRN Advogados mant\u00e9m um Programa de&nbsp;Compliance&nbsp;voltado \u00e0 promo\u00e7\u00e3o de um&nbsp;ambiente \u00e9tico, \u00edntegro e","og_url":"https:\/\/brnadv.com.br\/en\/canal-de-denuncia\/","og_site_name":"BRN Bernardino Advogados","article_modified_time":"2026-03-16T19:17:28+00:00","og_image":[{"width":2000,"height":720,"url":"https:\/\/brnadv.com.br\/wp-content\/uploads\/2026\/03\/mesa-com-livros.jpg","type":"image\/jpeg"}],"twitter_card":"summary_large_image","twitter_misc":{"Est. reading time":"3 minutes"},"schema":{"@context":"https:\/\/schema.org","@graph":[{"@type":"WebPage","@id":"https:\/\/brnadv.com.br\/en\/canal-de-denuncia\/","url":"https:\/\/brnadv.com.br\/en\/canal-de-denuncia\/","name":"(PT) Canal de den\u00fancia - BRN Bernardino Advogados","isPartOf":{"@id":"https:\/\/brnadv.com.br\/en\/#website"},"primaryImageOfPage":{"@id":"https:\/\/brnadv.com.br\/en\/canal-de-denuncia\/#primaryimage"},"image":{"@id":"https:\/\/brnadv.com.br\/canal-de-denuncia\/#primaryimage"},"thumbnailUrl":"https:\/\/brnadv.com.br\/wp-content\/uploads\/2026\/03\/mesa-com-livros.jpg","datePublished":"2026-03-11T12:55:17+00:00","dateModified":"2026-03-16T19:17:28+00:00","description":"Programa de ComplianceBRN Advogados O BRN Advogados mant\u00e9m um Programa de&nbsp;Compliance&nbsp;voltado \u00e0 promo\u00e7\u00e3o de um&nbsp;ambiente \u00e9tico, \u00edntegro e","breadcrumb":{"@id":"https:\/\/brnadv.com.br\/en\/canal-de-denuncia\/#breadcrumb"},"inLanguage":"en-US","potentialAction":[{"@type":"ReadAction","target":[["https:\/\/brnadv.com.br\/en\/canal-de-denuncia\/"]]}]},{"@type":"ImageObject","inLanguage":"en-US","@id":"https:\/\/brnadv.com.br\/en\/canal-de-denuncia\/#primaryimage","url":"https:\/\/brnadv.com.br\/wp-content\/uploads\/2026\/03\/mesa-com-livros.jpg","contentUrl":"https:\/\/brnadv.com.br\/wp-content\/uploads\/2026\/03\/mesa-com-livros.jpg","width":2000,"height":720,"caption":"Foto de uma mesa com livros em cima dela."},{"@type":"BreadcrumbList","@id":"https:\/\/brnadv.com.br\/en\/canal-de-denuncia\/#breadcrumb","itemListElement":[{"@type":"ListItem","position":1,"name":"In\u00edcio","item":"https:\/\/brnadv.com.br\/en\/"},{"@type":"ListItem","position":2,"name":"Canal de den\u00fancia"}]},{"@type":"WebSite","@id":"https:\/\/brnadv.com.br\/en\/#website","url":"https:\/\/brnadv.com.br\/en\/","name":"BRN Bernardino Advogados","description":"","potentialAction":[{"@type":"SearchAction","target":{"@type":"EntryPoint","urlTemplate":"https:\/\/brnadv.com.br\/en\/?s={search_term_string}"},"query-input":{"@type":"PropertyValueSpecification","valueRequired":true,"valueName":"search_term_string"}}],"inLanguage":"en-US"}]}},"_links":{"self":[{"href":"https:\/\/brnadv.com.br\/en\/wp-json\/wp\/v2\/pages\/504","targetHints":{"allow":["GET"]}}],"collection":[{"href":"https:\/\/brnadv.com.br\/en\/wp-json\/wp\/v2\/pages"}],"about":[{"href":"https:\/\/brnadv.com.br\/en\/wp-json\/wp\/v2\/types\/page"}],"author":[{"embeddable":true,"href":"https:\/\/brnadv.com.br\/en\/wp-json\/wp\/v2\/users\/4"}],"replies":[{"embeddable":true,"href":"https:\/\/brnadv.com.br\/en\/wp-json\/wp\/v2\/comments?post=504"}],"version-history":[{"count":61,"href":"https:\/\/brnadv.com.br\/en\/wp-json\/wp\/v2\/pages\/504\/revisions"}],"predecessor-version":[{"id":586,"href":"https:\/\/brnadv.com.br\/en\/wp-json\/wp\/v2\/pages\/504\/revisions\/586"}],"wp:featuredmedia":[{"embeddable":true,"href":"https:\/\/brnadv.com.br\/en\/wp-json\/wp\/v2\/media\/506"}],"wp:attachment":[{"href":"https:\/\/brnadv.com.br\/en\/wp-json\/wp\/v2\/media?parent=504"}],"curies":[{"name":"wp","href":"https:\/\/api.w.org\/{rel}","templated":true}]}}