{"id":381,"date":"2026-03-09T17:09:02","date_gmt":"2026-03-09T20:09:02","guid":{"rendered":"https:\/\/brnadv.com.br\/?page_id=381"},"modified":"2026-03-12T17:58:06","modified_gmt":"2026-03-12T20:58:06","slug":"trabalhe-conosco","status":"publish","type":"page","link":"https:\/\/brnadv.com.br\/en\/trabalhe-conosco\/","title":{"rendered":"(PT) Trabalhe conosco"},"content":{"rendered":"<p class=\"qtranxs-available-languages-message qtranxs-available-languages-message-en\">Sorry, this entry is only available in <a href=\"https:\/\/brnadv.com.br\/pb\/wp-json\/wp\/v2\/pages\/381\" class=\"qtranxs-available-language-link qtranxs-available-language-link-pb\" title=\"PT\">PT<\/a>.<\/p>","protected":false},"excerpt":{"rendered":"<p>Sorry, this entry is only available in PT.<\/p>\n","protected":false},"author":4,"featured_media":412,"parent":0,"menu_order":2,"comment_status":"closed","ping_status":"closed","template":"","meta":{"_acf_changed":false,"_joinchat":[],"footnotes":""},"class_list":["post-381","page","type-page","status-publish","has-post-thumbnail","hentry"],"acf":[],"yoast_head":"<!-- This site is optimized with the Yoast SEO plugin v27.3 - https:\/\/yoast.com\/product\/yoast-seo-wordpress\/ -->\n<title>(PT) Trabalhe conosco - BRN Bernardino Advogados<\/title>\n<meta name=\"description\" content=\"&#x2696;&#xfe0f; Fa\u00e7a parte do time Construa sua trajet\u00f3ria em um escrit\u00f3rio que une excel\u00eancia jur\u00eddica, inova\u00e7\u00e3o e impacto real na vida das pessoas.\" \/>\n<meta name=\"robots\" content=\"index, follow, max-snippet:-1, max-image-preview:large, max-video-preview:-1\" \/>\n<link rel=\"canonical\" href=\"https:\/\/brnadv.com.br\/en\/trabalhe-conosco\/\" \/>\n<meta property=\"og:locale\" content=\"en_US\" \/>\n<meta property=\"og:type\" content=\"article\" \/>\n<meta property=\"og:title\" content=\"(PT) Trabalhe conosco - BRN Bernardino Advogados\" \/>\n<meta property=\"og:description\" content=\"&#x2696;&#xfe0f; Fa\u00e7a parte do time Construa sua trajet\u00f3ria em um escrit\u00f3rio que une excel\u00eancia jur\u00eddica, inova\u00e7\u00e3o e impacto real na vida das pessoas.\" \/>\n<meta property=\"og:url\" content=\"https:\/\/brnadv.com.br\/en\/trabalhe-conosco\/\" \/>\n<meta property=\"og:site_name\" content=\"BRN Bernardino Advogados\" \/>\n<meta property=\"article:modified_time\" content=\"2026-03-12T20:58:06+00:00\" \/>\n<meta property=\"og:image\" content=\"https:\/\/brnadv.com.br\/wp-content\/uploads\/2026\/03\/uniao.jpg\" \/>\n\t<meta property=\"og:image:width\" content=\"2000\" \/>\n\t<meta property=\"og:image:height\" content=\"720\" \/>\n\t<meta property=\"og:image:type\" content=\"image\/jpeg\" \/>\n<meta name=\"twitter:card\" content=\"summary_large_image\" \/>\n<meta name=\"twitter:label1\" content=\"Est. reading time\" \/>\n\t<meta name=\"twitter:data1\" content=\"2 minutes\" \/>\n<script type=\"application\/ld+json\" class=\"yoast-schema-graph\">{\"@context\":\"https:\\\/\\\/schema.org\",\"@graph\":[{\"@type\":\"WebPage\",\"@id\":\"https:\\\/\\\/brnadv.com.br\\\/en\\\/trabalhe-conosco\\\/\",\"url\":\"https:\\\/\\\/brnadv.com.br\\\/en\\\/trabalhe-conosco\\\/\",\"name\":\"(PT) Trabalhe conosco - BRN Bernardino Advogados\",\"isPartOf\":{\"@id\":\"https:\\\/\\\/brnadv.com.br\\\/en\\\/#website\"},\"primaryImageOfPage\":{\"@id\":\"https:\\\/\\\/brnadv.com.br\\\/en\\\/trabalhe-conosco\\\/#primaryimage\"},\"image\":{\"@id\":\"https:\\\/\\\/brnadv.com.br\\\/trabalhe-conosco\\\/#primaryimage\"},\"thumbnailUrl\":\"https:\\\/\\\/brnadv.com.br\\\/wp-content\\\/uploads\\\/2026\\\/03\\\/uniao.jpg\",\"datePublished\":\"2026-03-09T20:09:02+00:00\",\"dateModified\":\"2026-03-12T20:58:06+00:00\",\"description\":\"&#x2696;&#xfe0f; Fa\u00e7a parte do time Construa sua trajet\u00f3ria em um escrit\u00f3rio que une excel\u00eancia jur\u00eddica, inova\u00e7\u00e3o e impacto real na vida das pessoas.\",\"breadcrumb\":{\"@id\":\"https:\\\/\\\/brnadv.com.br\\\/en\\\/trabalhe-conosco\\\/#breadcrumb\"},\"inLanguage\":\"en-US\",\"potentialAction\":[{\"@type\":\"ReadAction\",\"target\":[[\"https:\\\/\\\/brnadv.com.br\\\/en\\\/trabalhe-conosco\\\/\"]]}]},{\"@type\":\"ImageObject\",\"inLanguage\":\"en-US\",\"@id\":\"https:\\\/\\\/brnadv.com.br\\\/en\\\/trabalhe-conosco\\\/#primaryimage\",\"url\":\"https:\\\/\\\/brnadv.com.br\\\/wp-content\\\/uploads\\\/2026\\\/03\\\/uniao.jpg\",\"contentUrl\":\"https:\\\/\\\/brnadv.com.br\\\/wp-content\\\/uploads\\\/2026\\\/03\\\/uniao.jpg\",\"width\":2000,\"height\":720,\"caption\":\"Imagem de m\u00e3os uma sobre as outras mostrando uni\u00e3o entre as pessoas.\"},{\"@type\":\"BreadcrumbList\",\"@id\":\"https:\\\/\\\/brnadv.com.br\\\/en\\\/trabalhe-conosco\\\/#breadcrumb\",\"itemListElement\":[{\"@type\":\"ListItem\",\"position\":1,\"name\":\"In\u00edcio\",\"item\":\"https:\\\/\\\/brnadv.com.br\\\/en\\\/\"},{\"@type\":\"ListItem\",\"position\":2,\"name\":\"Trabalhe conosco\"}]},{\"@type\":\"WebSite\",\"@id\":\"https:\\\/\\\/brnadv.com.br\\\/en\\\/#website\",\"url\":\"https:\\\/\\\/brnadv.com.br\\\/en\\\/\",\"name\":\"BRN Bernardino Advogados\",\"description\":\"\",\"potentialAction\":[{\"@type\":\"SearchAction\",\"target\":{\"@type\":\"EntryPoint\",\"urlTemplate\":\"https:\\\/\\\/brnadv.com.br\\\/en\\\/?s={search_term_string}\"},\"query-input\":{\"@type\":\"PropertyValueSpecification\",\"valueRequired\":true,\"valueName\":\"search_term_string\"}}],\"inLanguage\":\"en-US\"}]}<\/script>\n<!-- \/ Yoast SEO plugin. -->","yoast_head_json":{"title":"(PT) Trabalhe conosco - BRN Bernardino Advogados","description":"&#x2696;&#xfe0f; Fa\u00e7a parte do time Construa sua trajet\u00f3ria em um escrit\u00f3rio que une excel\u00eancia jur\u00eddica, inova\u00e7\u00e3o e impacto real na vida das pessoas.","robots":{"index":"index","follow":"follow","max-snippet":"max-snippet:-1","max-image-preview":"max-image-preview:large","max-video-preview":"max-video-preview:-1"},"canonical":"https:\/\/brnadv.com.br\/en\/trabalhe-conosco\/","og_locale":"en_US","og_type":"article","og_title":"(PT) Trabalhe conosco - BRN Bernardino Advogados","og_description":"&#x2696;&#xfe0f; Fa\u00e7a parte do time Construa sua trajet\u00f3ria em um escrit\u00f3rio que une excel\u00eancia jur\u00eddica, inova\u00e7\u00e3o e impacto real na vida das pessoas.","og_url":"https:\/\/brnadv.com.br\/en\/trabalhe-conosco\/","og_site_name":"BRN Bernardino Advogados","article_modified_time":"2026-03-12T20:58:06+00:00","og_image":[{"width":2000,"height":720,"url":"https:\/\/brnadv.com.br\/wp-content\/uploads\/2026\/03\/uniao.jpg","type":"image\/jpeg"}],"twitter_card":"summary_large_image","twitter_misc":{"Est. reading time":"2 minutes"},"schema":{"@context":"https:\/\/schema.org","@graph":[{"@type":"WebPage","@id":"https:\/\/brnadv.com.br\/en\/trabalhe-conosco\/","url":"https:\/\/brnadv.com.br\/en\/trabalhe-conosco\/","name":"(PT) Trabalhe conosco - BRN Bernardino Advogados","isPartOf":{"@id":"https:\/\/brnadv.com.br\/en\/#website"},"primaryImageOfPage":{"@id":"https:\/\/brnadv.com.br\/en\/trabalhe-conosco\/#primaryimage"},"image":{"@id":"https:\/\/brnadv.com.br\/trabalhe-conosco\/#primaryimage"},"thumbnailUrl":"https:\/\/brnadv.com.br\/wp-content\/uploads\/2026\/03\/uniao.jpg","datePublished":"2026-03-09T20:09:02+00:00","dateModified":"2026-03-12T20:58:06+00:00","description":"&#x2696;&#xfe0f; Fa\u00e7a parte do time Construa sua trajet\u00f3ria em um escrit\u00f3rio que une excel\u00eancia jur\u00eddica, inova\u00e7\u00e3o e impacto real na vida das pessoas.","breadcrumb":{"@id":"https:\/\/brnadv.com.br\/en\/trabalhe-conosco\/#breadcrumb"},"inLanguage":"en-US","potentialAction":[{"@type":"ReadAction","target":[["https:\/\/brnadv.com.br\/en\/trabalhe-conosco\/"]]}]},{"@type":"ImageObject","inLanguage":"en-US","@id":"https:\/\/brnadv.com.br\/en\/trabalhe-conosco\/#primaryimage","url":"https:\/\/brnadv.com.br\/wp-content\/uploads\/2026\/03\/uniao.jpg","contentUrl":"https:\/\/brnadv.com.br\/wp-content\/uploads\/2026\/03\/uniao.jpg","width":2000,"height":720,"caption":"Imagem de m\u00e3os uma sobre as outras mostrando uni\u00e3o entre as pessoas."},{"@type":"BreadcrumbList","@id":"https:\/\/brnadv.com.br\/en\/trabalhe-conosco\/#breadcrumb","itemListElement":[{"@type":"ListItem","position":1,"name":"In\u00edcio","item":"https:\/\/brnadv.com.br\/en\/"},{"@type":"ListItem","position":2,"name":"Trabalhe conosco"}]},{"@type":"WebSite","@id":"https:\/\/brnadv.com.br\/en\/#website","url":"https:\/\/brnadv.com.br\/en\/","name":"BRN Bernardino Advogados","description":"","potentialAction":[{"@type":"SearchAction","target":{"@type":"EntryPoint","urlTemplate":"https:\/\/brnadv.com.br\/en\/?s={search_term_string}"},"query-input":{"@type":"PropertyValueSpecification","valueRequired":true,"valueName":"search_term_string"}}],"inLanguage":"en-US"}]}},"_links":{"self":[{"href":"https:\/\/brnadv.com.br\/en\/wp-json\/wp\/v2\/pages\/381","targetHints":{"allow":["GET"]}}],"collection":[{"href":"https:\/\/brnadv.com.br\/en\/wp-json\/wp\/v2\/pages"}],"about":[{"href":"https:\/\/brnadv.com.br\/en\/wp-json\/wp\/v2\/types\/page"}],"author":[{"embeddable":true,"href":"https:\/\/brnadv.com.br\/en\/wp-json\/wp\/v2\/users\/4"}],"replies":[{"embeddable":true,"href":"https:\/\/brnadv.com.br\/en\/wp-json\/wp\/v2\/comments?post=381"}],"version-history":[{"count":91,"href":"https:\/\/brnadv.com.br\/en\/wp-json\/wp\/v2\/pages\/381\/revisions"}],"predecessor-version":[{"id":585,"href":"https:\/\/brnadv.com.br\/en\/wp-json\/wp\/v2\/pages\/381\/revisions\/585"}],"wp:featuredmedia":[{"embeddable":true,"href":"https:\/\/brnadv.com.br\/en\/wp-json\/wp\/v2\/media\/412"}],"wp:attachment":[{"href":"https:\/\/brnadv.com.br\/en\/wp-json\/wp\/v2\/media?parent=381"}],"curies":[{"name":"wp","href":"https:\/\/api.w.org\/{rel}","templated":true}]}}